{"id":987,"date":"2026-04-05T17:56:11","date_gmt":"2026-04-05T15:56:11","guid":{"rendered":"http:\/\/grill-artist.carl-gartendesign.de\/?page_id=987"},"modified":"2026-04-12T11:08:14","modified_gmt":"2026-04-12T09:08:14","slug":"mydokumente-app","status":"publish","type":"page","link":"http:\/\/grill-artist.carl-gartendesign.de\/?page_id=987","title":{"rendered":"myDokumente &#8211; App"},"content":{"rendered":"\n<div class=\"wp-block-media-text alignwide is-stacked-on-mobile\" style=\"grid-template-columns:30% auto\"><figure class=\"wp-block-media-text__media\"><img loading=\"lazy\" decoding=\"async\" width=\"1024\" height=\"1024\" src=\"http:\/\/grill-artist.carl-gartendesign.de\/wp-content\/uploads\/2026\/04\/logo-1024.png\" alt=\"\" class=\"wp-image-991 size-full\" srcset=\"http:\/\/grill-artist.carl-gartendesign.de\/wp-content\/uploads\/2026\/04\/logo-1024.png 1024w, http:\/\/grill-artist.carl-gartendesign.de\/wp-content\/uploads\/2026\/04\/logo-1024-300x300.png 300w, http:\/\/grill-artist.carl-gartendesign.de\/wp-content\/uploads\/2026\/04\/logo-1024-150x150.png 150w, http:\/\/grill-artist.carl-gartendesign.de\/wp-content\/uploads\/2026\/04\/logo-1024-768x768.png 768w\" sizes=\"auto, (max-width: 709px) 85vw, (max-width: 909px) 67vw, (max-width: 1362px) 62vw, 840px\" \/><\/figure><div class=\"wp-block-media-text__content\">\n<p style=\"font-size:35px\"><strong>myDokumente<\/strong><\/p>\n<\/div><\/div>\n\n\n\n<p>(<em>English version see below<\/em>)<\/p>\n\n\n\n<p><strong><em>myDokumente <\/em>&#8211; deine Dokumente, Ausweise, IDs perfekt organisiert<\/strong><\/p>\n\n\n\n<p><strong>Nie wieder wichtige Dokumente verlieren \u2013 alles sicher an einem Ort<\/strong>.<\/p>\n\n\n\n<p>Stell dir vor, du verlierst deinen Reisepass, deinen Personalausweis oder wichtige Unterlagen \u2013 im Urlaub, unterwegs oder im Alltag. Genau f\u00fcr solche Situationen wurde <em>myDokumente<\/em>  entwickelt.<\/p>\n\n\n\n<p>Mit <em>myDokumente<\/em>  hast du deine wichtigsten Dokumente immer griffbereit \u2013 sicher, organisiert und jederzeit abrufbar<\/p>\n\n\n\n<ul class=\"wp-block-list\">\n<li><strong><strong>Zentrale Dokumentenverwaltung<\/strong><\/strong>: <br>Speichere Fotos oder PDFs deiner wichtigsten Unterlagen wie Reisepass, Personalausweis, Impfpass, F\u00fchrerschein und mehr.<br><\/li>\n\n\n\n<li><strong><strong>Mehrere Personen verwalten<\/strong><\/strong>:<br>Ideal f\u00fcr Familien oder Teams: Verwalte die Dokumente mehrerer Personen getrennt und \u00fcbersichtlich.<br><\/li>\n\n\n\n<li><strong><strong>Sicherer Zugriff \u2013 jederzeit und \u00fcberall<\/strong>:<\/strong>\u00a0<br>Optional kannst du deine Daten in externen Speichern wie iCloud, SFTP oder WebDAV sichern. So hast du auch bei Verlust deines Ger\u00e4ts weiterhin Zugriff.<br><\/li>\n\n\n\n<li><strong><strong>Maximale Sicherheit<\/strong>:<\/strong>\u00a0<br>Deine sensiblen Daten sind passwortgesch\u00fctzt und nur f\u00fcr dich zug\u00e4nglich.<br><\/li>\n\n\n\n<li><strong><strong>Schnell &amp; einfach<\/strong>:<\/strong><br>Dokumente fotografieren, hochladen und sofort verf\u00fcgbar haben \u2013 ohne komplizierte Prozesse.<\/li>\n<\/ul>\n\n\n\n<p><strong>Warum diese App?<\/strong><\/p>\n\n\n\n<p>Weil das Leben unvorhersehbar ist. Ob Diebstahl, Verlust oder Notfall \u2013 mit dieser App bist du vorbereitet und hast im Ernstfall immer eine Kopie deiner wichtigsten Dokumente zur Hand.<\/p>\n\n\n\n<p><strong><strong>Deine Dokumente. Deine Sicherheit. Immer dabei.<\/strong><\/strong><br><\/p>\n\n\n\n<p>Verf\u00fcgbar f\u00fcr iOS in deutsch und englisch<\/p>\n\n\n\n<div class=\"wp-block-columns is-layout-flex wp-container-core-columns-is-layout-9d6595d7 wp-block-columns-is-layout-flex\">\n<div class=\"wp-block-column is-layout-flow wp-block-column-is-layout-flow\">\n<figure class=\"wp-block-image size-large\"><img loading=\"lazy\" decoding=\"async\" width=\"473\" height=\"1024\" src=\"http:\/\/grill-artist.carl-gartendesign.de\/wp-content\/uploads\/2026\/04\/modulView2-473x1024.png\" alt=\"\" class=\"wp-image-998\" srcset=\"http:\/\/grill-artist.carl-gartendesign.de\/wp-content\/uploads\/2026\/04\/modulView2-473x1024.png 473w, http:\/\/grill-artist.carl-gartendesign.de\/wp-content\/uploads\/2026\/04\/modulView2-139x300.png 139w, http:\/\/grill-artist.carl-gartendesign.de\/wp-content\/uploads\/2026\/04\/modulView2-768x1662.png 768w, http:\/\/grill-artist.carl-gartendesign.de\/wp-content\/uploads\/2026\/04\/modulView2-710x1536.png 710w, http:\/\/grill-artist.carl-gartendesign.de\/wp-content\/uploads\/2026\/04\/modulView2-947x2048.png 947w, http:\/\/grill-artist.carl-gartendesign.de\/wp-content\/uploads\/2026\/04\/modulView2-1200x2596.png 1200w, http:\/\/grill-artist.carl-gartendesign.de\/wp-content\/uploads\/2026\/04\/modulView2-scaled.png 1183w\" sizes=\"auto, (max-width: 473px) 85vw, 473px\" \/><\/figure>\n<\/div>\n\n\n\n<div class=\"wp-block-column is-layout-flow wp-block-column-is-layout-flow\">\n<figure class=\"wp-block-image size-full\"><img loading=\"lazy\" decoding=\"async\" width=\"1183\" height=\"2560\" src=\"http:\/\/grill-artist.carl-gartendesign.de\/wp-content\/uploads\/2026\/04\/listView-scaled.png\" alt=\"\" class=\"wp-image-999\" srcset=\"http:\/\/grill-artist.carl-gartendesign.de\/wp-content\/uploads\/2026\/04\/listView-scaled.png 1183w, http:\/\/grill-artist.carl-gartendesign.de\/wp-content\/uploads\/2026\/04\/listView-139x300.png 139w, http:\/\/grill-artist.carl-gartendesign.de\/wp-content\/uploads\/2026\/04\/listView-473x1024.png 473w, http:\/\/grill-artist.carl-gartendesign.de\/wp-content\/uploads\/2026\/04\/listView-768x1662.png 768w, http:\/\/grill-artist.carl-gartendesign.de\/wp-content\/uploads\/2026\/04\/listView-710x1536.png 710w, http:\/\/grill-artist.carl-gartendesign.de\/wp-content\/uploads\/2026\/04\/listView-947x2048.png 947w, http:\/\/grill-artist.carl-gartendesign.de\/wp-content\/uploads\/2026\/04\/listView-1200x2596.png 1200w\" sizes=\"auto, (max-width: 709px) 85vw, (max-width: 909px) 67vw, (max-width: 1362px) 62vw, 840px\" \/><\/figure>\n<\/div>\n\n\n\n<div class=\"wp-block-column is-layout-flow wp-block-column-is-layout-flow\">\n<figure class=\"wp-block-image size-large\"><img loading=\"lazy\" decoding=\"async\" width=\"473\" height=\"1024\" src=\"http:\/\/grill-artist.carl-gartendesign.de\/wp-content\/uploads\/2026\/04\/editEntry-473x1024.png\" alt=\"\" class=\"wp-image-1000\" srcset=\"http:\/\/grill-artist.carl-gartendesign.de\/wp-content\/uploads\/2026\/04\/editEntry-473x1024.png 473w, http:\/\/grill-artist.carl-gartendesign.de\/wp-content\/uploads\/2026\/04\/editEntry-139x300.png 139w, http:\/\/grill-artist.carl-gartendesign.de\/wp-content\/uploads\/2026\/04\/editEntry-768x1662.png 768w, http:\/\/grill-artist.carl-gartendesign.de\/wp-content\/uploads\/2026\/04\/editEntry-710x1536.png 710w, http:\/\/grill-artist.carl-gartendesign.de\/wp-content\/uploads\/2026\/04\/editEntry-947x2048.png 947w, http:\/\/grill-artist.carl-gartendesign.de\/wp-content\/uploads\/2026\/04\/editEntry-1200x2596.png 1200w, http:\/\/grill-artist.carl-gartendesign.de\/wp-content\/uploads\/2026\/04\/editEntry-scaled.png 1183w\" sizes=\"auto, (max-width: 473px) 85vw, 473px\" \/><\/figure>\n<\/div>\n<\/div>\n\n\n\n<div class=\"wp-block-columns is-layout-flex wp-container-core-columns-is-layout-9d6595d7 wp-block-columns-is-layout-flex\">\n<div class=\"wp-block-column is-layout-flow wp-block-column-is-layout-flow\" style=\"flex-basis:100%\">\n<p class=\"has-medium-font-size\"><br><a href=\"http:\/\/grill-artist.carl-gartendesign.de\/?page_id=989\">Datenschutz<\/a><\/p>\n<\/div>\n<\/div>\n\n\n\n<p><\/p>\n\n\n\n<p><em>English version:<\/em><\/p>\n\n\n\n<p><strong><em>myDocuments <\/em>&#8211; Your documents, IDs, and other identification perfectly organized<\/strong><\/p>\n\n\n\n<p><strong>Never Lose Your Important Documents Again \u2013 Everything in One Secure Place<\/strong><\/p>\n\n\n\n<p>Imagine losing your passport, ID, or essential documents\u2014while traveling, on the go, or in everyday life. That\u2019s exactly why <em>myDouments<\/em> was created.<\/p>\n\n\n\n<p>With <em>myDocuments<\/em>, your most important documents are always within reach\u2014secure, organized, and accessible anytime<\/p>\n\n\n\n<ul class=\"wp-block-list\">\n<li><strong><strong>Centralized Document Management<\/strong>:<\/strong> <br>Store photos or PDFs of your essential documents such as passport, ID card, vaccination record, driver\u2019s license, and more.<br><\/li>\n\n\n\n<li><strong><strong>Manage Multiple People<\/strong>:<\/strong><br>Perfect for families or teams: keep documents for multiple individuals organized and separate.<br><\/li>\n\n\n\n<li><strong><strong>Access Anytime, Anywhere<\/strong>:<\/strong><br>Optionally store your data in external locations like iCloud, SFTP, or WebDAV. Even if you lose your device, your documents remain accessible from another device.<br><\/li>\n\n\n\n<li><strong><strong>Strong Security<\/strong>:<\/strong> <br>Your sensitive data is protected with a password and accessible only to you.<br><\/li>\n\n\n\n<li><strong><strong>Fast &amp; Easy to Use<\/strong>:<\/strong> <br>Scan, upload, and access your documents in seconds\u2014no complicated setup required<br><\/li>\n<\/ul>\n\n\n\n<p><strong>Why This App?<\/strong><\/p>\n\n\n\n<p>Because life is unpredictable. Whether it\u2019s loss, theft, or an emergency, this app ensures you always have a backup of your most important documents when you need them most.<\/p>\n\n\n\n<p><strong><strong>Your Documents. Your Security. Always with You.<\/strong><\/strong><\/p>\n\n\n\n<p><strong><a href=\"http:\/\/grill-artist.carl-gartendesign.de\/?page_id=989\">Privacy policy<\/a><\/strong><\/p>\n\n\n\n<p><\/p>\n\n\n\n<p><\/p>\n\n\n\n<p>Die Bezeichnungen &#8222;Apple&#8220;, &#8222;Apple Watch&#8220;, &#8222;iPhone&#8220;, &#8222;iPad&#8220;, &#8222;iCloud&#8220;, &#8222;Dropbox&#8220; sind gesch\u00fctzt und werden hier nur verwendet, um die Eigenschaften der App zu beschreiben.<br><br>The terms &#8222;Apple&#8220;, &#8222;Apple Watch&#8220;, &#8222;iPhone&#8220;, &#8222;iPad&#8220;, &#8222;iCloud&#8220;, &#8222;Dropbox&#8220; are proprietary and are used herein only to describe the features of the App.<\/p>\n\n\n\n<p><\/p>\n\n\n\n<p><br><br><\/p>\n\n\n\n<p class=\"has-medium-font-size\"><strong>Support \/ Hilfe:<\/strong><\/p>\n\n\n\n<p>Beim Starten der App wird eine Einf\u00fchrung in die wichtigsten Seiten und ihre Bedienung gezeigt. Das Anzeigen dieser Einf\u00fchrung bei jedem Start kann abgeschaltet werden. \u00dcber das Einstellungensmen\u00fc ist jederzeit diese Einf\u00fchrung unter dem Punkt &#8222;Hilfe&#8220; wieder aufrufbar. <br><br>When the app is started, an introduction to the most important pages and their operation is shown. The display of this introduction at each start can be switched off. This introduction can be called up again at any time under \u201cHelp\u201d in the Settings menu.<\/p>\n\n\n\n<p><strong>Beispiele der Einf\u00fchrung und Hilfeseiten\/<br>Examples of the introduction and help pages:<\/strong><\/p>\n\n\n\n<figure class=\"wp-block-gallery has-nested-images columns-3 is-cropped wp-block-gallery-1 is-layout-flex wp-block-gallery-is-layout-flex\">\n<figure class=\"wp-block-image size-large\"><img loading=\"lazy\" decoding=\"async\" width=\"473\" height=\"1024\" data-id=\"1002\" src=\"http:\/\/grill-artist.carl-gartendesign.de\/wp-content\/uploads\/2026\/04\/IMG_0196-473x1024.png\" alt=\"\" class=\"wp-image-1002\" srcset=\"http:\/\/grill-artist.carl-gartendesign.de\/wp-content\/uploads\/2026\/04\/IMG_0196-473x1024.png 473w, http:\/\/grill-artist.carl-gartendesign.de\/wp-content\/uploads\/2026\/04\/IMG_0196-139x300.png 139w, http:\/\/grill-artist.carl-gartendesign.de\/wp-content\/uploads\/2026\/04\/IMG_0196-768x1662.png 768w, http:\/\/grill-artist.carl-gartendesign.de\/wp-content\/uploads\/2026\/04\/IMG_0196-710x1536.png 710w, http:\/\/grill-artist.carl-gartendesign.de\/wp-content\/uploads\/2026\/04\/IMG_0196.png 828w\" sizes=\"auto, (max-width: 473px) 85vw, 473px\" \/><\/figure>\n\n\n\n<figure class=\"wp-block-image size-large\"><img loading=\"lazy\" decoding=\"async\" width=\"473\" height=\"1024\" data-id=\"1004\" src=\"http:\/\/grill-artist.carl-gartendesign.de\/wp-content\/uploads\/2026\/04\/IMG_0197-473x1024.png\" alt=\"\" class=\"wp-image-1004\" srcset=\"http:\/\/grill-artist.carl-gartendesign.de\/wp-content\/uploads\/2026\/04\/IMG_0197-473x1024.png 473w, http:\/\/grill-artist.carl-gartendesign.de\/wp-content\/uploads\/2026\/04\/IMG_0197-139x300.png 139w, http:\/\/grill-artist.carl-gartendesign.de\/wp-content\/uploads\/2026\/04\/IMG_0197-768x1662.png 768w, http:\/\/grill-artist.carl-gartendesign.de\/wp-content\/uploads\/2026\/04\/IMG_0197-710x1536.png 710w, http:\/\/grill-artist.carl-gartendesign.de\/wp-content\/uploads\/2026\/04\/IMG_0197.png 828w\" sizes=\"auto, (max-width: 473px) 85vw, 473px\" \/><\/figure>\n\n\n\n<figure class=\"wp-block-image size-large\"><img loading=\"lazy\" decoding=\"async\" width=\"473\" height=\"1024\" data-id=\"1003\" src=\"http:\/\/grill-artist.carl-gartendesign.de\/wp-content\/uploads\/2026\/04\/IMG_0198-473x1024.png\" alt=\"\" class=\"wp-image-1003\" srcset=\"http:\/\/grill-artist.carl-gartendesign.de\/wp-content\/uploads\/2026\/04\/IMG_0198-473x1024.png 473w, http:\/\/grill-artist.carl-gartendesign.de\/wp-content\/uploads\/2026\/04\/IMG_0198-139x300.png 139w, http:\/\/grill-artist.carl-gartendesign.de\/wp-content\/uploads\/2026\/04\/IMG_0198-768x1662.png 768w, http:\/\/grill-artist.carl-gartendesign.de\/wp-content\/uploads\/2026\/04\/IMG_0198-710x1536.png 710w, http:\/\/grill-artist.carl-gartendesign.de\/wp-content\/uploads\/2026\/04\/IMG_0198.png 828w\" sizes=\"auto, (max-width: 473px) 85vw, 473px\" \/><\/figure>\n<\/figure>\n\n\n\n<p><\/p>\n\n\n\n<div class=\"wp-block-media-text is-stacked-on-mobile is-vertically-aligned-top\" style=\"grid-template-columns:15% auto\"><figure class=\"wp-block-media-text__media\"><img loading=\"lazy\" decoding=\"async\" width=\"214\" height=\"236\" src=\"http:\/\/grill-artist.carl-gartendesign.de\/wp-content\/uploads\/2026\/04\/info.png\" alt=\"\" class=\"wp-image-1006 size-full\"\/><\/figure><div class=\"wp-block-media-text__content\">\n<p>Zudem ist unter der Schaltfl\u00e4che &#8220; Info&#8220; auf jeder Seite eine Hilfsseite mit Erl\u00e4uterungen der Bedienung der jeweiligen Seite verlinkt.<\/p>\n\n\n\n<p>In addition, a help page with explanations on how to use the respective page is linked under the \u201cInfo\u201d button on each page.<\/p>\n<\/div><\/div>\n\n\n\n<p>F\u00fcr weitere Unterst\u00fctzung gerne Fragen per mail an uns\/<br>For further support, please send us your questions by e-mail:<br><br>e-mail: support@carl-gartendesign.de <\/p>\n","protected":false},"excerpt":{"rendered":"<p>myDokumente (English version see below) myDokumente &#8211; deine Dokumente, Ausweise, IDs perfekt organisiert Nie wieder wichtige Dokumente verlieren \u2013 alles sicher an einem Ort. Stell dir vor, du verlierst deinen Reisepass, deinen Personalausweis oder wichtige Unterlagen \u2013 im Urlaub, unterwegs oder im Alltag. Genau f\u00fcr solche Situationen wurde myDokumente entwickelt. Mit myDokumente hast du deine &hellip; <a href=\"http:\/\/grill-artist.carl-gartendesign.de\/?page_id=987\" class=\"more-link\"><span class=\"screen-reader-text\">\u201emyDokumente &#8211; App\u201c <\/span>weiterlesen<\/a><\/p>\n","protected":false},"author":2,"featured_media":0,"parent":469,"menu_order":0,"comment_status":"closed","ping_status":"closed","template":"","meta":{"footnotes":""},"class_list":["post-987","page","type-page","status-publish","hentry"],"_links":{"self":[{"href":"http:\/\/grill-artist.carl-gartendesign.de\/index.php?rest_route=\/wp\/v2\/pages\/987","targetHints":{"allow":["GET"]}}],"collection":[{"href":"http:\/\/grill-artist.carl-gartendesign.de\/index.php?rest_route=\/wp\/v2\/pages"}],"about":[{"href":"http:\/\/grill-artist.carl-gartendesign.de\/index.php?rest_route=\/wp\/v2\/types\/page"}],"author":[{"embeddable":true,"href":"http:\/\/grill-artist.carl-gartendesign.de\/index.php?rest_route=\/wp\/v2\/users\/2"}],"replies":[{"embeddable":true,"href":"http:\/\/grill-artist.carl-gartendesign.de\/index.php?rest_route=%2Fwp%2Fv2%2Fcomments&post=987"}],"version-history":[{"count":5,"href":"http:\/\/grill-artist.carl-gartendesign.de\/index.php?rest_route=\/wp\/v2\/pages\/987\/revisions"}],"predecessor-version":[{"id":1007,"href":"http:\/\/grill-artist.carl-gartendesign.de\/index.php?rest_route=\/wp\/v2\/pages\/987\/revisions\/1007"}],"up":[{"embeddable":true,"href":"http:\/\/grill-artist.carl-gartendesign.de\/index.php?rest_route=\/wp\/v2\/pages\/469"}],"wp:attachment":[{"href":"http:\/\/grill-artist.carl-gartendesign.de\/index.php?rest_route=%2Fwp%2Fv2%2Fmedia&parent=987"}],"curies":[{"name":"wp","href":"https:\/\/api.w.org\/{rel}","templated":true}]}}