{"id":783,"date":"2024-10-28T17:48:58","date_gmt":"2024-10-28T16:48:58","guid":{"rendered":"http:\/\/grill-artist.carl-gartendesign.de\/?page_id=783"},"modified":"2026-01-18T16:48:52","modified_gmt":"2026-01-18T15:48:52","slug":"mywein-app","status":"publish","type":"page","link":"http:\/\/grill-artist.carl-gartendesign.de\/?page_id=783","title":{"rendered":"myWein &#8211; App"},"content":{"rendered":"\n<div class=\"wp-block-media-text alignwide is-stacked-on-mobile\" style=\"grid-template-columns:30% auto\"><figure class=\"wp-block-media-text__media\"><img loading=\"lazy\" decoding=\"async\" width=\"1024\" height=\"1024\" src=\"http:\/\/grill-artist.carl-gartendesign.de\/wp-content\/uploads\/2024\/10\/logo_1024.png\" alt=\"\" class=\"wp-image-785 size-full\" srcset=\"http:\/\/grill-artist.carl-gartendesign.de\/wp-content\/uploads\/2024\/10\/logo_1024.png 1024w, http:\/\/grill-artist.carl-gartendesign.de\/wp-content\/uploads\/2024\/10\/logo_1024-300x300.png 300w, http:\/\/grill-artist.carl-gartendesign.de\/wp-content\/uploads\/2024\/10\/logo_1024-150x150.png 150w, http:\/\/grill-artist.carl-gartendesign.de\/wp-content\/uploads\/2024\/10\/logo_1024-768x768.png 768w\" sizes=\"auto, (max-width: 709px) 85vw, (max-width: 909px) 67vw, (max-width: 1362px) 62vw, 840px\" \/><\/figure><div class=\"wp-block-media-text__content\">\n<p style=\"font-size:35px\"><strong>myWein<\/strong><\/p>\n<\/div><\/div>\n\n\n\n<p>(<em>English version see below<\/em>)<\/p>\n\n\n\n<p><strong>Du bist Weinliebhaber und m\u00f6chtest alles rund um Deine Lieblingsweine in einer Hand haben?<\/strong><\/p>\n\n\n\n<p>Mit <em><strong>myWein<\/strong><\/em> kannst du alles rund um Deine Weine verwalten<br><br>Dokumentiere die Weine, die Du probiert oder gekauft hast, so dass Du immer den \u00dcberblick beh\u00e4ltst:<br>&#8211; Welches Weingut?<br>&#8211; Welcher Jahrgang?<br>&#8211; Welche Sorte?<br>&#8211; Welche Bewertung hast Du vergeben?<br>&#8211; Wo hast Du ihn gekauft?<br>&#8211; Wieviel hast Du noch auf Lager<br>&#8211; Wo hast Du ihn probiert?<br>&#8211; Welche Notizen hast Du Dir zu dem Wein gemacht?<br>&#8211; Welche Fotos hast Du dazu?<\/p>\n\n\n\n<p>Mit <em>myWein<\/em> hast Du zentral all diese Informationen verf\u00fcgbar und musst nicht in verschiedenen Unterlagen suchen. Dazu geh\u00f6rt auch die zentrale Verwaltung der Adressen der Weing\u00fcter, Bezugsquellen und Verkostungen. <\/p>\n\n\n\n<p><em>myWein<\/em> ist auch mit der <em>myEinkauf<\/em>-App verkn\u00fcpft, so dass Du sofort einen Wein auf die Einkaufsliste setzen kannst, wenn Dein Bestand zur Neige geht.<\/p>\n\n\n\n<p>Du kochst auch gerne gut? In Verbindung mit der <em>myRezepte<\/em>-App kannst Du direkt Deine Weine als Empfehlungen zu den Rezepten verlinken.<\/p>\n\n\n\n<p>Teile deine Listen mit der Familie und Freunde, in dem du sie in der iCloud oder auf deiner Dropbox speicherst, wo ihr alle Zugriff habt.<br><\/p>\n\n\n\n<p>Verf\u00fcgbar f\u00fcr iOS in deutsch und englisch<\/p>\n\n\n\n<div class=\"wp-block-columns is-layout-flex wp-container-core-columns-is-layout-9d6595d7 wp-block-columns-is-layout-flex\">\n<div class=\"wp-block-column is-layout-flow wp-block-column-is-layout-flow\">\n<figure class=\"wp-block-image size-large\"><img loading=\"lazy\" decoding=\"async\" width=\"473\" height=\"1024\" src=\"http:\/\/grill-artist.carl-gartendesign.de\/wp-content\/uploads\/2024\/10\/weinliste-473x1024.png\" alt=\"\" class=\"wp-image-786\" srcset=\"http:\/\/grill-artist.carl-gartendesign.de\/wp-content\/uploads\/2024\/10\/weinliste-473x1024.png 473w, http:\/\/grill-artist.carl-gartendesign.de\/wp-content\/uploads\/2024\/10\/weinliste-139x300.png 139w, http:\/\/grill-artist.carl-gartendesign.de\/wp-content\/uploads\/2024\/10\/weinliste-768x1662.png 768w, http:\/\/grill-artist.carl-gartendesign.de\/wp-content\/uploads\/2024\/10\/weinliste-710x1536.png 710w, http:\/\/grill-artist.carl-gartendesign.de\/wp-content\/uploads\/2024\/10\/weinliste.png 828w\" sizes=\"auto, (max-width: 473px) 85vw, 473px\" \/><\/figure>\n<\/div>\n\n\n\n<div class=\"wp-block-column is-layout-flow wp-block-column-is-layout-flow\">\n<figure class=\"wp-block-image size-large\"><img loading=\"lazy\" decoding=\"async\" width=\"473\" height=\"1024\" src=\"http:\/\/grill-artist.carl-gartendesign.de\/wp-content\/uploads\/2024\/10\/editEntry_voll-473x1024.png\" alt=\"\" class=\"wp-image-787\" srcset=\"http:\/\/grill-artist.carl-gartendesign.de\/wp-content\/uploads\/2024\/10\/editEntry_voll-473x1024.png 473w, http:\/\/grill-artist.carl-gartendesign.de\/wp-content\/uploads\/2024\/10\/editEntry_voll-139x300.png 139w, http:\/\/grill-artist.carl-gartendesign.de\/wp-content\/uploads\/2024\/10\/editEntry_voll-768x1662.png 768w, http:\/\/grill-artist.carl-gartendesign.de\/wp-content\/uploads\/2024\/10\/editEntry_voll-710x1536.png 710w, http:\/\/grill-artist.carl-gartendesign.de\/wp-content\/uploads\/2024\/10\/editEntry_voll.png 828w\" sizes=\"auto, (max-width: 473px) 85vw, 473px\" \/><\/figure>\n<\/div>\n\n\n\n<div class=\"wp-block-column is-layout-flow wp-block-column-is-layout-flow\">\n<figure class=\"wp-block-image size-large\"><img loading=\"lazy\" decoding=\"async\" width=\"473\" height=\"1024\" src=\"http:\/\/grill-artist.carl-gartendesign.de\/wp-content\/uploads\/2024\/10\/showFotos-473x1024.png\" alt=\"\" class=\"wp-image-788\" srcset=\"http:\/\/grill-artist.carl-gartendesign.de\/wp-content\/uploads\/2024\/10\/showFotos-473x1024.png 473w, http:\/\/grill-artist.carl-gartendesign.de\/wp-content\/uploads\/2024\/10\/showFotos-139x300.png 139w, http:\/\/grill-artist.carl-gartendesign.de\/wp-content\/uploads\/2024\/10\/showFotos-768x1662.png 768w, http:\/\/grill-artist.carl-gartendesign.de\/wp-content\/uploads\/2024\/10\/showFotos-710x1536.png 710w, http:\/\/grill-artist.carl-gartendesign.de\/wp-content\/uploads\/2024\/10\/showFotos.png 828w\" sizes=\"auto, (max-width: 473px) 85vw, 473px\" \/><\/figure>\n<\/div>\n<\/div>\n\n\n\n<div class=\"wp-block-columns is-layout-flex wp-container-core-columns-is-layout-9d6595d7 wp-block-columns-is-layout-flex\">\n<div class=\"wp-block-column is-layout-flow wp-block-column-is-layout-flow\" style=\"flex-basis:100%\">\n<p class=\"has-medium-font-size\"><br><a href=\"http:\/\/grill-artist.carl-gartendesign.de\/?page_id=790\">Datenschutz<\/a><\/p>\n<\/div>\n<\/div>\n\n\n\n<p><\/p>\n\n\n\n<p><em>English version:<\/em><\/p>\n\n\n\n<p><strong>You are a wine lover and want to have everything about your favorite wines in one place?<\/strong><\/p>\n\n\n\n<p>With <strong><em>myWein<\/em><\/strong> you can manage everything to do with your wines<\/p>\n\n\n\n<p>Document the wines you have tasted or bought so that you always have an overview:<br>&#8211; Which winery?<br>&#8211; Which vintage?<br>&#8211; Which variety?<br>&#8211; What rating did you give it?<br>&#8211; Where did you buy it?<br>&#8211; How much do you still have in stock<br>&#8211; Where did you taste it?<br>&#8211; What notes did you make about the wine?<br>&#8211; What photos do you have of it?<\/p>\n\n\n\n<p>With <em>myWein<\/em>, you have all this information centrally available and don&#8217;t have to search through various documents. This also includes the central administration of the addresses of the wineries, sources of supply and tastings.<\/p>\n\n\n\n<p><em>myWein<\/em> is also linked to the <em>myEinkauf <\/em>app, so you can immediately add a wine to your shopping list when your stock is running low.<\/p>\n\n\n\n<p>Do you also like to cook well? In conjunction with the <em>myRezepte<\/em> app, you can link your wines directly to the recipes as recommendations<\/p>\n\n\n\n<p>Share your lists with family and friends by saving them in the iCloud or on your Dropbox, where you all have access.<\/p>\n\n\n\n<p><strong><a href=\"http:\/\/grill-artist.carl-gartendesign.de\/?page_id=790\">Privacy policy<\/a><\/strong><\/p>\n\n\n\n<p><\/p>\n\n\n\n<p><\/p>\n\n\n\n<p>Die Bezeichnungen &#8222;Apple&#8220;, &#8222;Apple Watch&#8220;, &#8222;iPhone&#8220;, &#8222;iPad&#8220;, &#8222;iCloud&#8220;, &#8222;Dropbox&#8220; sind gesch\u00fctzt und werden hier nur verwendet, um die Eigenschaften der App zu beschreiben.<br><br>The terms &#8222;Apple&#8220;, &#8222;Apple Watch&#8220;, &#8222;iPhone&#8220;, &#8222;iPad&#8220;, &#8222;iCloud&#8220;, &#8222;Dropbox&#8220; are proprietary and are used herein only to describe the features of the App.<\/p>\n\n\n\n<p><\/p>\n\n\n\n<p><br><br><\/p>\n\n\n\n<p class=\"has-medium-font-size\"><strong>Support \/ Hilfe:<\/strong><\/p>\n\n\n\n<p>Beim Starten der App wird eine Einf\u00fchrung in die wichtigsten Seiten und ihre Bedienung gezeigt. Das Anzeigen dieser Einf\u00fchrung bei jedem Start kann abgeschaltet werden. \u00dcber das Einstellungensmen\u00fc ist jederzeit diese Einf\u00fchrung unter dem Punkt &#8222;Hilfe&#8220; wieder aufrufbar. <br><br>When the app is started, an introduction to the most important pages and their operation is shown. The display of this introduction at each start can be switched off. This introduction can be called up again at any time under \u201cHelp\u201d in the Settings menu.<\/p>\n\n\n\n<p><strong>Beispiele der Einf\u00fchrung und Hilfeseiten\/<br>Examples of the introduction and help pages:<\/strong><\/p>\n\n\n\n<figure class=\"wp-block-gallery has-nested-images columns-default is-cropped wp-block-gallery-1 is-layout-flex wp-block-gallery-is-layout-flex\">\n<figure class=\"wp-block-image size-large\"><img loading=\"lazy\" decoding=\"async\" width=\"473\" height=\"1024\" data-id=\"828\" src=\"http:\/\/grill-artist.carl-gartendesign.de\/wp-content\/uploads\/2024\/11\/IMG_0077-1-473x1024.png\" alt=\"\" class=\"wp-image-828\" srcset=\"http:\/\/grill-artist.carl-gartendesign.de\/wp-content\/uploads\/2024\/11\/IMG_0077-1-473x1024.png 473w, http:\/\/grill-artist.carl-gartendesign.de\/wp-content\/uploads\/2024\/11\/IMG_0077-1-139x300.png 139w, http:\/\/grill-artist.carl-gartendesign.de\/wp-content\/uploads\/2024\/11\/IMG_0077-1-768x1662.png 768w, http:\/\/grill-artist.carl-gartendesign.de\/wp-content\/uploads\/2024\/11\/IMG_0077-1-710x1536.png 710w, http:\/\/grill-artist.carl-gartendesign.de\/wp-content\/uploads\/2024\/11\/IMG_0077-1.png 828w\" sizes=\"auto, (max-width: 473px) 85vw, 473px\" \/><\/figure>\n\n\n\n<figure class=\"wp-block-image size-large\"><img loading=\"lazy\" decoding=\"async\" width=\"473\" height=\"1024\" data-id=\"829\" src=\"http:\/\/grill-artist.carl-gartendesign.de\/wp-content\/uploads\/2024\/11\/IMG_0078-1-473x1024.png\" alt=\"\" class=\"wp-image-829\" srcset=\"http:\/\/grill-artist.carl-gartendesign.de\/wp-content\/uploads\/2024\/11\/IMG_0078-1-473x1024.png 473w, http:\/\/grill-artist.carl-gartendesign.de\/wp-content\/uploads\/2024\/11\/IMG_0078-1-139x300.png 139w, http:\/\/grill-artist.carl-gartendesign.de\/wp-content\/uploads\/2024\/11\/IMG_0078-1-768x1662.png 768w, http:\/\/grill-artist.carl-gartendesign.de\/wp-content\/uploads\/2024\/11\/IMG_0078-1-710x1536.png 710w, http:\/\/grill-artist.carl-gartendesign.de\/wp-content\/uploads\/2024\/11\/IMG_0078-1.png 828w\" sizes=\"auto, (max-width: 473px) 85vw, 473px\" \/><\/figure>\n\n\n\n<figure class=\"wp-block-image size-large\"><img loading=\"lazy\" decoding=\"async\" width=\"473\" height=\"1024\" data-id=\"830\" src=\"http:\/\/grill-artist.carl-gartendesign.de\/wp-content\/uploads\/2024\/11\/IMG_0079-1-473x1024.png\" alt=\"\" class=\"wp-image-830\" srcset=\"http:\/\/grill-artist.carl-gartendesign.de\/wp-content\/uploads\/2024\/11\/IMG_0079-1-473x1024.png 473w, http:\/\/grill-artist.carl-gartendesign.de\/wp-content\/uploads\/2024\/11\/IMG_0079-1-139x300.png 139w, http:\/\/grill-artist.carl-gartendesign.de\/wp-content\/uploads\/2024\/11\/IMG_0079-1-768x1662.png 768w, http:\/\/grill-artist.carl-gartendesign.de\/wp-content\/uploads\/2024\/11\/IMG_0079-1-710x1536.png 710w, http:\/\/grill-artist.carl-gartendesign.de\/wp-content\/uploads\/2024\/11\/IMG_0079-1.png 828w\" sizes=\"auto, (max-width: 473px) 85vw, 473px\" \/><\/figure>\n<\/figure>\n\n\n\n<p><\/p>\n\n\n\n<p><\/p>\n\n\n\n<div class=\"wp-block-media-text is-stacked-on-mobile is-vertically-aligned-top\" style=\"grid-template-columns:15% auto\"><figure class=\"wp-block-media-text__media\"><img loading=\"lazy\" decoding=\"async\" width=\"58\" height=\"74\" src=\"http:\/\/grill-artist.carl-gartendesign.de\/wp-content\/uploads\/2024\/11\/infoButton-1.png\" alt=\"\" class=\"wp-image-832 size-full\"\/><\/figure><div class=\"wp-block-media-text__content\">\n<p>Zudem ist unter der Schaltfl\u00e4che &#8220; Info&#8220; auf jeder Seite eine Hilfsseite mit Erl\u00e4uterungen der Bedienung der jeweiligen Seite verlinkt.<\/p>\n\n\n\n<p>In addition, a help page with explanations on how to use the respective page is linked under the \u201cInfo\u201d button on each page.<\/p>\n<\/div><\/div>\n\n\n\n<p>F\u00fcr weitere Unterst\u00fctzung gerne Fragen per mail an uns\/<br>For further support, please send us your questions by e-mail:<br><br>e-mail: support@carl-gartendesign.de <\/p>\n","protected":false},"excerpt":{"rendered":"<p>myWein (English version see below) Du bist Weinliebhaber und m\u00f6chtest alles rund um Deine Lieblingsweine in einer Hand haben? Mit myWein kannst du alles rund um Deine Weine verwalten Dokumentiere die Weine, die Du probiert oder gekauft hast, so dass Du immer den \u00dcberblick beh\u00e4ltst:&#8211; Welches Weingut?&#8211; Welcher Jahrgang?&#8211; Welche Sorte?&#8211; Welche Bewertung hast Du &hellip; <a href=\"http:\/\/grill-artist.carl-gartendesign.de\/?page_id=783\" class=\"more-link\"><span class=\"screen-reader-text\">\u201emyWein &#8211; App\u201c <\/span>weiterlesen<\/a><\/p>\n","protected":false},"author":2,"featured_media":0,"parent":469,"menu_order":0,"comment_status":"closed","ping_status":"closed","template":"","meta":{"footnotes":""},"class_list":["post-783","page","type-page","status-publish","hentry"],"_links":{"self":[{"href":"http:\/\/grill-artist.carl-gartendesign.de\/index.php?rest_route=\/wp\/v2\/pages\/783","targetHints":{"allow":["GET"]}}],"collection":[{"href":"http:\/\/grill-artist.carl-gartendesign.de\/index.php?rest_route=\/wp\/v2\/pages"}],"about":[{"href":"http:\/\/grill-artist.carl-gartendesign.de\/index.php?rest_route=\/wp\/v2\/types\/page"}],"author":[{"embeddable":true,"href":"http:\/\/grill-artist.carl-gartendesign.de\/index.php?rest_route=\/wp\/v2\/users\/2"}],"replies":[{"embeddable":true,"href":"http:\/\/grill-artist.carl-gartendesign.de\/index.php?rest_route=%2Fwp%2Fv2%2Fcomments&post=783"}],"version-history":[{"count":9,"href":"http:\/\/grill-artist.carl-gartendesign.de\/index.php?rest_route=\/wp\/v2\/pages\/783\/revisions"}],"predecessor-version":[{"id":981,"href":"http:\/\/grill-artist.carl-gartendesign.de\/index.php?rest_route=\/wp\/v2\/pages\/783\/revisions\/981"}],"up":[{"embeddable":true,"href":"http:\/\/grill-artist.carl-gartendesign.de\/index.php?rest_route=\/wp\/v2\/pages\/469"}],"wp:attachment":[{"href":"http:\/\/grill-artist.carl-gartendesign.de\/index.php?rest_route=%2Fwp%2Fv2%2Fmedia&parent=783"}],"curies":[{"name":"wp","href":"https:\/\/api.w.org\/{rel}","templated":true}]}}