{"id":663,"date":"2022-10-31T10:58:57","date_gmt":"2022-10-31T09:58:57","guid":{"rendered":"http:\/\/grill-artist.carl-gartendesign.de\/?page_id=663"},"modified":"2026-01-18T16:41:36","modified_gmt":"2026-01-18T15:41:36","slug":"myeinkauf-app-datenschutz-privacy-policy","status":"publish","type":"page","link":"http:\/\/grill-artist.carl-gartendesign.de\/?page_id=663","title":{"rendered":"myEinkauf App &#8211; Datenschutz \/ Privacy policy"},"content":{"rendered":"\n<div class=\"wp-block-media-text alignwide is-stacked-on-mobile\" style=\"grid-template-columns:30% auto\"><figure class=\"wp-block-media-text__media\"><img loading=\"lazy\" decoding=\"async\" width=\"1024\" height=\"1024\" src=\"http:\/\/grill-artist.carl-gartendesign.de\/wp-content\/uploads\/2022\/10\/logo-1024-1024x1024.png\" alt=\"\" class=\"wp-image-652 size-full\" srcset=\"http:\/\/grill-artist.carl-gartendesign.de\/wp-content\/uploads\/2022\/10\/logo-1024.png 1024w, http:\/\/grill-artist.carl-gartendesign.de\/wp-content\/uploads\/2022\/10\/logo-1024-300x300.png 300w, http:\/\/grill-artist.carl-gartendesign.de\/wp-content\/uploads\/2022\/10\/logo-1024-150x150.png 150w, http:\/\/grill-artist.carl-gartendesign.de\/wp-content\/uploads\/2022\/10\/logo-1024-768x768.png 768w\" sizes=\"auto, (max-width: 709px) 85vw, (max-width: 909px) 67vw, (max-width: 1362px) 62vw, 840px\" \/><\/figure><div class=\"wp-block-media-text__content\">\n<p class=\"has-large-font-size\"><strong><a href=\"http:\/\/grill-artist.carl-gartendesign.de\/?page_id=650\">myEinkauf<\/a><\/strong><\/p>\n<\/div><\/div>\n\n\n\n<p>(Englisch version of the Privacy Policy please see below)<\/p>\n\n\n\n<p class=\"has-x-large-font-size\"><strong>Datenschutz<\/strong>:<\/p>\n\n\n\n<p><em>Letzte Aktualisierung: 29.10.2024<\/em><\/p>\n\n\n\n<p>Wir respektieren die Privatsph\u00e4re unserer Nutzer. In dieser Datenschutzrichtlinie wird erl\u00e4utert, wie wir Ihre Daten erfassen, verwenden, weitergeben und sch\u00fctzen, wenn Sie unsere mobile Anwendung &#8222;myEinkauf&#8220; (die &#8222;Anwendung&#8220;) benutzen.&nbsp;&nbsp;Bitte lesen Sie diese Datenschutzrichtlinie sorgf\u00e4ltig durch.&nbsp;&nbsp;WENN SIE MIT DEN BEDINGUNGEN DIESER DATENSCHUTZRICHTLINIE NICHT EINVERSTANDEN SIND, GREIFEN SIE BITTE NICHT AUF DIE ANWENDUNG ZU.&nbsp;<\/p>\n\n\n\n<p>Wir behalten uns das Recht vor, diese Datenschutzrichtlinie jederzeit und aus beliebigen Gr\u00fcnden zu \u00e4ndern.&nbsp;&nbsp;Wir werden Sie \u00fcber alle \u00c4nderungen informieren, indem wir das Datum \u201eLetzte Aktualisierung\u201c dieser Datenschutzrichtlinie aktualisieren.&nbsp;&nbsp;Wir empfehlen Ihnen, diese Datenschutzrichtlinie regelm\u00e4\u00dfig zu \u00fcberpr\u00fcfen, um \u00fcber Aktualisierungen informiert zu sein. Es wird davon ausgegangen, dass Sie von den \u00c4nderungen in den \u00fcberarbeiteten Datenschutzrichtlinien Kenntnis genommen haben, dass Sie diesen unterliegen und dass Sie die \u00c4nderungen in den \u00fcberarbeiteten Datenschutzrichtlinien akzeptiert haben, wenn Sie die Anwendung nach dem Datum der Ver\u00f6ffentlichung der \u00fcberarbeiteten Datenschutzrichtlinien weiter nutzen.&nbsp;&nbsp;<\/p>\n\n\n\n<p>Diese Datenschutzrichtlinie gilt nicht f\u00fcr den Online-\/Mobile-Store eines Drittanbieters, \u00fcber den Sie die Anwendung installieren oder Zahlungen vornehmen, die ebenfalls Daten \u00fcber Sie erheben und verwenden k\u00f6nnen.&nbsp;&nbsp;Wir sind nicht verantwortlich f\u00fcr die Daten, die von solchen Dritten gesammelt werden.&nbsp;<\/p>\n\n\n\n<h1 class=\"wp-block-heading\"><strong>SAMMLUNG IHRER INFORMATIONEN<\/strong><\/h1>\n\n\n\n<p>Wir k\u00f6nnen auf verschiedene Weise Informationen \u00fcber Sie sammeln.&nbsp;&nbsp;Die Informationen, die wir \u00fcber die Anwendung erfassen k\u00f6nnen, h\u00e4ngen von den Inhalten und Materialien ab, die Sie verwenden, und umfassen:&nbsp;&nbsp;<\/p>\n\n\n\n<h3 class=\"wp-block-heading\">Pers\u00f6nliche Daten&nbsp;<\/h3>\n\n\n\n<p>Demografische und andere pers\u00f6nlich identifizierbare Informationen (wie z. B. Ihr Name und Ihre E-Mail-Adresse), die Sie uns freiwillig mitteilen, wenn Sie sich f\u00fcr Supportanfragen, Fragen oder Feedback an uns wenden.<\/p>\n\n\n\n<h3 class=\"wp-block-heading\"><strong>Zugriff auf mobile Ger\u00e4te&nbsp;<\/strong><\/h3>\n\n\n\n<p>Wir k\u00f6nnen den Zugriff oder die Erlaubnis f\u00fcr bestimmte Funktionen Ihres Mobilger\u00e4ts anfordern, einschlie\u00dflich der Kamera, des Mikrofons, des Speichers und anderer Funktionen Ihres Mobilger\u00e4ts. Wenn Sie unseren Zugriff oder unsere Berechtigungen \u00e4ndern m\u00f6chten, k\u00f6nnen Sie dies in den Einstellungen Ihres Ger\u00e4ts tun.<\/p>\n\n\n\n<h1 class=\"wp-block-heading\">VERWENDUNG IHRER INFORMATIONEN<\/h1>\n\n\n\n<p>Wenn wir genaue Informationen \u00fcber Sie haben, k\u00f6nnen wir Ihnen ein reibungsloses, effizientes und individuelles Erlebnis bieten. Insbesondere k\u00f6nnen wir \u00fcber die Anwendung gesammelte Informationen \u00fcber Sie verwenden, um:&nbsp;<\/p>\n\n\n\n<ol class=\"wp-block-list\">\n<li>Die Strafverfolgungsbeh\u00f6rden zu unterst\u00fctzen und auf Vorladungen zu reagieren.&nbsp;<\/li>\n\n\n\n<li>Sie per E-Mail \u00fcber Ihre Anfrage oder Ihre Bestellung zu informieren.<\/li>\n\n\n\n<li>Bearbeitung von Zahlungen und Erstattungen.&nbsp;<\/li>\n\n\n\n<li>Beilegung von Streitigkeiten und Behebung von Problemen.<\/li>\n\n\n\n<li>Beantwortung von Produkt- und Kundendienstanfragen.<\/li>\n\n\n\n<li>Um Unterst\u00fctzung f\u00fcr die Anwendung zu bieten.<\/li>\n<\/ol>\n\n\n\n<h1 class=\"wp-block-heading\">WEITERGABE IHRER INFORMATIONEN<\/h1>\n\n\n\n<p>In bestimmten Situationen k\u00f6nnen wir Informationen, die wir \u00fcber Sie gesammelt haben, weitergeben. Ihre Informationen k\u00f6nnen wie folgt weitergegeben werden:<\/p>\n\n\n\n<h3 class=\"wp-block-heading\"><strong>Gesetzlich oder zum Schutz von Rechten&nbsp;<\/strong><\/h3>\n\n\n\n<p>Wenn wir der Meinung sind, dass die Freigabe von Informationen \u00fcber Sie notwendig ist, um auf ein Gerichtsverfahren zu reagieren, um m\u00f6gliche Verst\u00f6\u00dfe gegen unsere Richtlinien zu untersuchen oder zu beheben oder um die Rechte, das Eigentum und die Sicherheit anderer zu sch\u00fctzen, k\u00f6nnen wir Ihre Informationen weitergeben, soweit dies durch geltende Gesetze, Regeln oder Vorschriften erlaubt oder vorgeschrieben ist.&nbsp;&nbsp;Dazu geh\u00f6rt auch der Austausch von Informationen mit anderen Unternehmen zum Schutz vor Betrug und zur Verringerung des Kreditrisikos.<\/p>\n\n\n\n<h1 class=\"wp-block-heading\">TRACKING-TECHNOLOGIEN<\/h1>\n\n\n\n<p>Wir verwenden keine Cookies, Web Beacons, Z\u00e4hlpixel und andere Tracking-Technologien in der Anwendung. Wenn Sie auf die Anwendung zugreifen, werden Ihre personenbezogenen Daten nicht durch den Einsatz von Tracking-Technologien erfasst.&nbsp;Au\u00dferdem verwenden wir keine Software von Drittanbietern, um Anzeigen in der Anwendung zu schalten, E-Mail-Marketingkampagnen durchzuf\u00fchren und andere interaktive Marketinginitiativen zu verwalten.<\/p>\n\n\n\n<h1 class=\"wp-block-heading\">WEBSITES VON DRITT-ANBIETERN<\/h1>\n\n\n\n<p>Die Anwendung verwendet Google Fonts,&nbsp;ein von Google Ireland Limited bereitgestellter Service zur Visualisierung von Schriftarten, mit dem diese Anwendung entsprechende Inhalte auf den Seiten einbinden kann. Dabei werden folgende personenbezogene Daten verarbeitet: Nutzungsdaten; Tracker. Der Verarbeitungsort ist Irland (<a href=\"https:\/\/policies.google.com\/privacy\">Datenschutzerkl\u00e4rung von Google Ireland Ltd<\/a>.)<br>Dar\u00fcber hinaus enth\u00e4lt die Anwendung selbst keine Links zu Websites und Anwendungen Dritter, die von Interesse sind, einschlie\u00dflich Werbung und externer Dienste. Sie k\u00f6nnen jedoch solche Links eingeben, wenn Sie die benutzerdefinierten Inhalte f\u00fcr die Anwendung einrichten. Sobald Sie diese Links zum Verlassen der Anwendung verwendet haben, fallen alle Informationen, die Sie diesen Dritten zur Verf\u00fcgung stellen, nicht unter diese Datenschutzrichtlinie, und wir k\u00f6nnen die Sicherheit und den Schutz Ihrer Daten nicht garantieren. Bevor Sie Websites Dritter besuchen und dort Informationen bereitstellen, sollten Sie sich \u00fcber die Datenschutzrichtlinien und -praktiken (falls vorhanden) des f\u00fcr diese Website verantwortlichen Dritten informieren und die notwendigen Schritte unternehmen, um nach Ihrem Ermessen den Schutz Ihrer Daten zu gew\u00e4hrleisten. Wir sind nicht verantwortlich f\u00fcr den Inhalt oder die Datenschutz- und Sicherheitspraktiken und -richtlinien von Dritten, einschlie\u00dflich anderer Websites, Dienste oder Anwendungen, die mit der Anwendung verlinkt sind.<\/p>\n\n\n\n<h1 class=\"wp-block-heading\">SICHERHEIT IHRER INFORMATIONEN<\/h1>\n\n\n\n<p>Wir setzen technische Sicherheitsma\u00dfnahmen ein, um Ihre pers\u00f6nlichen Daten zu sch\u00fctzen.&nbsp;&nbsp;Auch wenn wir angemessene Schritte unternommen haben, um die uns von Ihnen zur Verf\u00fcgung gestellten personenbezogenen Daten zu sch\u00fctzen, sollten Sie sich dar\u00fcber im Klaren sein, dass trotz unserer Bem\u00fchungen keine Sicherheitsma\u00dfnahmen perfekt oder undurchdringlich sind und dass keine Methode der Daten\u00fcbertragung gegen ein Abfangen oder eine andere Art des Missbrauchs garantiert werden kann.&nbsp;&nbsp;Alle online offengelegten Informationen k\u00f6nnen von Unbefugten abgefangen und missbraucht werden. Daher k\u00f6nnen wir keine vollst\u00e4ndige Sicherheit garantieren, wenn Sie personenbezogene Daten angeben.<\/p>\n\n\n\n<h1 class=\"wp-block-heading\">RICHTLINIE F\u00dcR KINDER<\/h1>\n\n\n\n<p>Wir bitten nicht wissentlich um Informationen von Kindern unter 13 Jahren und vermarkten diese auch nicht. Wenn Sie Kenntnis von Daten haben, die wir von Kindern unter 13 Jahren gesammelt haben, kontaktieren Sie uns bitte \u00fcber die unten angegebenen Kontaktinformationen.&nbsp;<\/p>\n\n\n\n<h1 class=\"wp-block-heading\"><strong>STEUERELEMENTE F\u00dcR &#8222;DO-NOT-TRACK&#8220;-FUNKTIONEN<\/strong><\/h1>\n\n\n\n<p>Die Anwendung enth\u00e4lt keine Tracking-Funktionalit\u00e4t.&nbsp;&nbsp;<\/p>\n\n\n\n<h1 class=\"wp-block-heading\">CALIFORNIA PRIVACY RIGHTS<\/h1>\n\n\n\n<p>Gem\u00e4\u00df California Civil Code Section 1798.83, auch bekannt als &#8222;Shine The Light&#8220;-Gesetz, k\u00f6nnen unsere Nutzer, die in Kalifornien ans\u00e4ssig sind, einmal j\u00e4hrlich von uns kostenlos Informationen \u00fcber die Kategorien personenbezogener Daten (falls vorhanden), die wir zu Direktmarketingzwecken an Dritte weitergegeben haben, sowie die Namen und Adressen aller Dritten, mit denen wir im unmittelbar vorangegangenen Kalenderjahr personenbezogene Daten ausgetauscht haben, anfordern und erhalten. Wenn Sie in Kalifornien ans\u00e4ssig sind und einen solchen Antrag stellen m\u00f6chten, reichen Sie ihn bitte schriftlich bei uns ein, indem Sie die unten angegebenen Kontaktinformationen verwenden.<\/p>\n\n\n\n<p>Wenn Sie unter 18 Jahre alt sind, Ihren Wohnsitz in Kalifornien haben und \u00fcber ein registriertes Konto bei der Anwendung verf\u00fcgen, haben Sie das Recht, die Entfernung unerw\u00fcnschter Daten zu verlangen, die Sie in der Anwendung \u00f6ffentlich bekannt geben. Um die Entfernung solcher Daten zu beantragen, kontaktieren Sie uns bitte \u00fcber die unten angegebenen Kontaktdaten und geben Sie die zu Ihrem Konto geh\u00f6rende E-Mail-Adresse sowie eine Erkl\u00e4rung an, dass Sie in Kalifornien wohnhaft sind.&nbsp;&nbsp;Wir werden daf\u00fcr sorgen, dass die Daten nicht \u00f6ffentlich in der Anwendung angezeigt werden, aber bitte beachten Sie, dass die Daten m\u00f6glicherweise nicht vollst\u00e4ndig oder umfassend aus unseren Systemen entfernt werden.<\/p>\n\n\n\n<h1 class=\"wp-block-heading\">KONTAKT<\/h1>\n\n\n\n<p>Wenn Sie Fragen oder Anmerkungen zu dieser Datenschutzrichtlinie haben, wenden Sie sich bitte an uns:<\/p>\n\n\n\n<p>Gerold Carl<br>Traminerweg 16<br>55291 Saulheim<br>Germany<br>e-mail: support@carl-gartendesign.de<br><\/p>\n\n\n\n<p><\/p>\n\n\n\n<p><\/p>\n\n\n\n<p><\/p>\n\n\n\n<p class=\"has-large-font-size\"><strong>Privacy Policy: <\/strong><\/p>\n\n\n\n<p class=\"has-very-dark-gray-color has-text-color\"><em>Last updated: 10\/29\/2024<\/em><\/p>\n\n\n\n<p>We respect the privacy of our users. This Privacy Policy explains how we collect, use, disclose, and safeguard your information when you visit our mobile application \u201cmyEinkauf\u201d (the \u201cApplication\u201d).&nbsp;&nbsp;Please read this Privacy Policy carefully.&nbsp;&nbsp;IF YOU DO NOT AGREE WITH THE TERMS OF THIS PRIVACY POLICY, PLEASE DO NOT ACCESS THE APPLICATION.&nbsp;<\/p>\n\n\n\n<p>We reserve the right to make changes to this Privacy Policy at any time and for any reason.&nbsp;&nbsp;We will alert you about any changes by updating the \u201cLast updated\u201d date of this Privacy Policy.&nbsp;&nbsp;You are encouraged to periodically review this Privacy Policy to stay informed of updates. You will be deemed to have been made aware of, will be subject to, and will be deemed to have accepted the changes in any revised Privacy Policy by your continued use of the Application after the date such revised Privacy Policy is posted.&nbsp;&nbsp;<\/p>\n\n\n\n<p>This Privacy Policy does not apply to the third-party online\/mobile store from which you install the Application or make payments, which may also collect and use data about you.&nbsp;&nbsp;We are not responsible for any of the data collected by any such third party.&nbsp;<\/p>\n\n\n\n<h1 class=\"wp-block-heading\">COLLECTION OF YOUR INFORMATION<\/h1>\n\n\n\n<p>We may collect information about you in a variety of ways.&nbsp;&nbsp;The information we may collect via the Application depends on the content and materials you use, and includes:&nbsp;&nbsp;<\/p>\n\n\n\n<h2 class=\"wp-block-heading\">Personal Data&nbsp;<\/h2>\n\n\n\n<p class=\"has-very-dark-gray-color has-text-color\">Demographic and other personally identifiable information (such as your name and email address) that you voluntarily give to us when choosing addressing us for support, requests, or feedbacks.&nbsp;<\/p>\n\n\n\n<h2 class=\"wp-block-heading\">Mobile Device Access&nbsp;<\/h2>\n\n\n\n<p>We may request access or permission to certain features from your mobile device, including your mobile device\u2019s camera, microphone, storage, and other features.&nbsp;If you wish to change our access or permissions, you may do so in your device\u2019s settings.<\/p>\n\n\n\n<h1 class=\"wp-block-heading\">USE OF YOUR INFORMATION<\/h1>\n\n\n\n<p>Having accurate information about you permits us to provide you with a smooth, efficient, and customized experience.&nbsp;&nbsp;Specifically, we may use information collected about you via the Application to:&nbsp;<\/p>\n\n\n\n<ul class=\"wp-block-list\">\n<li>Assist law enforcement and respond to subpoena.&nbsp;<\/li>\n\n\n\n<li>Email you regarding your request or order.<\/li>\n\n\n\n<li>Process payments and refunds.&nbsp;<\/li>\n\n\n\n<li>Resolve disputes and troubleshoot problems.<\/li>\n\n\n\n<li>Respond to product and customer service requests.<\/li>\n\n\n\n<li>Solicit support for the Application.<\/li>\n<\/ul>\n\n\n\n<h1 class=\"wp-block-heading\">DISCLOSURE OF YOUR INFORMATION<\/h1>\n\n\n\n<p>We may share information we have collected about you in certain situations. Your information may be disclosed as follows:&nbsp;<\/p>\n\n\n\n<h2 class=\"wp-block-heading\">By Law or to Protect Rights&nbsp;<\/h2>\n\n\n\n<p>If we believe the release of information about you is necessary to respond to legal process, to investigate or remedy potential violations of our policies, or to protect the rights, property, and safety of others, we may share your information as permitted or required by any applicable law, rule, or regulation.&nbsp;&nbsp;This includes exchanging information with other entities for fraud protection and credit risk reduction.<\/p>\n\n\n\n<h1 class=\"wp-block-heading\">TRACKING TECHNOLOGIES<\/h1>\n\n\n\n<h2 class=\"wp-block-heading\">Cookies and Web Beacons<\/h2>\n\n\n\n<p>We do not use cookies, web beacons, tracking pixels, and other tracking technologies on the Application. When you access the Application, your personal information is not collected through the use of tracking technology. Additionally, we do not use third-party software to serve ads on the Application, implement email marketing campaigns, and manage other interactive marketing initiatives.<\/p>\n\n\n\n<h1 class=\"wp-block-heading\">THIRD-PARTY WEBSITES<\/h1>\n\n\n\n<p>The Application uses Google Fonts, a font visualisation service provided by Google Ireland Limited, which allows this application to embed corresponding content on the pages. The following personal data is processed in the process: Usage data; Tracker. The place of processing is Ireland (<a href=\"https:\/\/policies.google.com\/privacy\">Privacy Policy of Google Ireland Ltd<\/a>.)<br>Furthermore, the application itself does not contain any links to third-party websites and applications of interest, including advertisements and external services. However, you are able to enter such links when setting up the user-defined content for the Application. Once you have used these links to leave the Application, any information you provide to these third parties is not covered by this Privacy Policy, and we cannot guarantee the safety and privacy of your information. Before visiting and providing any information to any third-party websites, you should inform yourself of the privacy policies and practices (if any) of the third party responsible for that website, and should take those steps necessary to, in your discretion, protect the privacy of your information. We are not responsible for the content or privacy and security practices and policies of any third parties, including other sites, services or applications that may be linked to or from the Application.<\/p>\n\n\n\n<h1 class=\"wp-block-heading\">SECURITY OF YOUR INFORMATION<\/h1>\n\n\n\n<p>We use technical security measures to help protect your personal information. While we have taken reasonable steps to secure the personal information you provide to us, please be aware that despite our efforts, no security measures are perfect or impenetrable, and no method of data transmission can be guaranteed against any interception or other type of misuse.&nbsp;&nbsp;Any information disclosed online is vulnerable to interception and misuse by unauthorized parties. Therefore, we cannot guarantee complete security if you provide personal information.<\/p>\n\n\n\n<h1 class=\"wp-block-heading\">POLICY FOR CHILDREN<\/h1>\n\n\n\n<p>We do not knowingly solicit information from or market to children under the age of 13. If you become aware of any data we have collected from children under age 13, please contact us using the contact information provided below.&nbsp;<strong><\/strong><\/p>\n\n\n\n<h1 class=\"wp-block-heading\">CONTROLS FOR DO-NOT-TRACK FEATURES&nbsp;&nbsp;<\/h1>\n\n\n\n<p>The Application does not contain any tracking functionality.<\/p>\n\n\n\n<h1 class=\"wp-block-heading\">CALIFORNIA PRIVACY RIGHTS<\/h1>\n\n\n\n<p>California Civil Code Section 1798.83, also known as the \u201cShine The Light\u201d law, permits our users who are California residents to request and obtain from us, once a year and free of charge, information about categories of personal information (if any) we disclosed to third parties for direct marketing purposes and the names and addresses of all third parties with which we shared personal information in the immediately preceding calendar year. If you are a California resident and would like to make such a request, please submit your request in writing to us using the contact information provided below.<\/p>\n\n\n\n<p>If you are under 18 years of age, reside in California, and have a registered account with the Application, you have the right to request removal of unwanted data that you publicly post on the Application. To request removal of such data, please contact us using the contact information provided below, and include the email address associated with your account and a statement that you reside in California.&nbsp;&nbsp;We will make sure the data is not publicly displayed on the Application, but please be aware that the data may not be completely or comprehensively removed from our systems.<strong><\/strong><\/p>\n\n\n\n<h1 class=\"wp-block-heading\">CONTACT US<\/h1>\n\n\n\n<p>If you have questions or comments about this Privacy Policy, please contact us at:<\/p>\n\n\n\n<p>Gerold Carl<br>Traminerweg 16<br>55291 Saulheim<br>Germany<br>e-mail: support@carl-gartendesign.de<\/p>\n\n\n\n<p><\/p>\n\n\n\n<p><\/p>\n\n\n\n<p style=\"font-size:14px\">Die Bezeichnungen &#8222;iOS&#8220;, &#8222;iPhone&#8220;, &#8222;iPad&#8220;, &#8222;iCloud&#8220;, &#8222;Dropbox&#8220; sind gesch\u00fctzt und werden hier nur verwendet, um die Eigenschaften der App zu beschreiben.<br><br>The terms &#8222;iOS&#8220;, &#8222;iPhone&#8220;, &#8222;iPad&#8220;, &#8222;iCloud&#8220;, &#8222;Dropbox&#8220; are proprietary and are used herein only to describe the features of the App.<\/p>\n","protected":false},"excerpt":{"rendered":"<p>myEinkauf (Englisch version of the Privacy Policy please see below) Datenschutz: Letzte Aktualisierung: 29.10.2024 Wir respektieren die Privatsph\u00e4re unserer Nutzer. In dieser Datenschutzrichtlinie wird erl\u00e4utert, wie wir Ihre Daten erfassen, verwenden, weitergeben und sch\u00fctzen, wenn Sie unsere mobile Anwendung &#8222;myEinkauf&#8220; (die &#8222;Anwendung&#8220;) benutzen.&nbsp;&nbsp;Bitte lesen Sie diese Datenschutzrichtlinie sorgf\u00e4ltig durch.&nbsp;&nbsp;WENN SIE MIT DEN BEDINGUNGEN DIESER DATENSCHUTZRICHTLINIE &hellip; <a href=\"http:\/\/grill-artist.carl-gartendesign.de\/?page_id=663\" class=\"more-link\"><span class=\"screen-reader-text\">\u201emyEinkauf App &#8211; Datenschutz \/ Privacy policy\u201c <\/span>weiterlesen<\/a><\/p>\n","protected":false},"author":2,"featured_media":0,"parent":650,"menu_order":0,"comment_status":"closed","ping_status":"closed","template":"","meta":{"footnotes":""},"class_list":["post-663","page","type-page","status-publish","hentry"],"_links":{"self":[{"href":"http:\/\/grill-artist.carl-gartendesign.de\/index.php?rest_route=\/wp\/v2\/pages\/663","targetHints":{"allow":["GET"]}}],"collection":[{"href":"http:\/\/grill-artist.carl-gartendesign.de\/index.php?rest_route=\/wp\/v2\/pages"}],"about":[{"href":"http:\/\/grill-artist.carl-gartendesign.de\/index.php?rest_route=\/wp\/v2\/types\/page"}],"author":[{"embeddable":true,"href":"http:\/\/grill-artist.carl-gartendesign.de\/index.php?rest_route=\/wp\/v2\/users\/2"}],"replies":[{"embeddable":true,"href":"http:\/\/grill-artist.carl-gartendesign.de\/index.php?rest_route=%2Fwp%2Fv2%2Fcomments&post=663"}],"version-history":[{"count":8,"href":"http:\/\/grill-artist.carl-gartendesign.de\/index.php?rest_route=\/wp\/v2\/pages\/663\/revisions"}],"predecessor-version":[{"id":965,"href":"http:\/\/grill-artist.carl-gartendesign.de\/index.php?rest_route=\/wp\/v2\/pages\/663\/revisions\/965"}],"up":[{"embeddable":true,"href":"http:\/\/grill-artist.carl-gartendesign.de\/index.php?rest_route=\/wp\/v2\/pages\/650"}],"wp:attachment":[{"href":"http:\/\/grill-artist.carl-gartendesign.de\/index.php?rest_route=%2Fwp%2Fv2%2Fmedia&parent=663"}],"curies":[{"name":"wp","href":"https:\/\/api.w.org\/{rel}","templated":true}]}}