{"id":502,"date":"2021-08-20T15:43:57","date_gmt":"2021-08-20T13:43:57","guid":{"rendered":"http:\/\/grill-artist.carl-gartendesign.de\/?page_id=502"},"modified":"2026-01-18T16:47:39","modified_gmt":"2026-01-18T15:47:39","slug":"myvorrat-app","status":"publish","type":"page","link":"http:\/\/grill-artist.carl-gartendesign.de\/?page_id=502","title":{"rendered":"myVorrat &#8211; App"},"content":{"rendered":"\n<div class=\"wp-block-media-text alignwide is-stacked-on-mobile\" style=\"grid-template-columns:30% auto\"><figure class=\"wp-block-media-text__media\"><img loading=\"lazy\" decoding=\"async\" width=\"1024\" height=\"1024\" src=\"http:\/\/grill-artist.carl-gartendesign.de\/wp-content\/uploads\/2021\/08\/lvb_1024-1024x1024.png\" alt=\"\" class=\"wp-image-476 size-full\" srcset=\"http:\/\/grill-artist.carl-gartendesign.de\/wp-content\/uploads\/2021\/08\/lvb_1024.png 1024w, http:\/\/grill-artist.carl-gartendesign.de\/wp-content\/uploads\/2021\/08\/lvb_1024-300x300.png 300w, http:\/\/grill-artist.carl-gartendesign.de\/wp-content\/uploads\/2021\/08\/lvb_1024-150x150.png 150w, http:\/\/grill-artist.carl-gartendesign.de\/wp-content\/uploads\/2021\/08\/lvb_1024-768x768.png 768w\" sizes=\"auto, (max-width: 709px) 85vw, (max-width: 909px) 67vw, (max-width: 1362px) 62vw, 840px\" \/><\/figure><div class=\"wp-block-media-text__content\">\n<p class=\"has-large-font-size\"><strong>myVorrat<\/strong><\/p>\n<\/div><\/div>\n\n\n\n<p>(english version see below)<\/p>\n\n\n\n<p><strong>Sie wollen etwas kochen und finden die Zutaten im Vorratskeller nicht?<\/strong><br>Ob zuhause oder unterwegs &#8211; mit myVorrat haben Sie immer den vollen \u00dcberblick \u00fcber Ihre Vorr\u00e4te.<\/p>\n\n\n\n<p><\/p>\n\n\n\n<p><strong>myVorrat ist das kleine Warenwirtschaftssystem f\u00fcr Ihre Vorr\u00e4te:<\/strong><\/p>\n\n\n\n<ul class=\"wp-block-list\">\n<li>Verwalten Sie Ihre Vorr\u00e4te, die Sie in Ihren K\u00fchlschr\u00e4nken, Gefrierschr\u00e4nken, Vorratskellern oder sonstigen Ablageorten aufbewahren.<\/li>\n\n\n\n<li>Aufbau von einzelnen Listen f\u00fcr die einzelnen Ablageorte <br> &#8211; z.B. eine Liste f\u00fcr Ihre Gefrierschr\u00e4nke mit den jeweiligen F\u00e4chern der Ger\u00e4te und eine andere f\u00fcr Ihre Regale und Schr\u00e4nke im Vorratskeller. <\/li>\n\n\n\n<li>Anlegen von verschiedenen Vorratslisten mit frei w\u00e4hlbaren Orten und Facheinteilungen&nbsp; <\/li>\n\n\n\n<li>Einbuchen und Ausbuchen von Vorr\u00e4ten<\/li>\n\n\n\n<li>Sortieren der Vorratslisten<\/li>\n\n\n\n<li>Suchen von Vorr\u00e4ten<\/li>\n\n\n\n<li>In Verbindung mit der myRezept &#8211; App Suchen von Rezepten f\u00fcr die Vorr\u00e4te<\/li>\n\n\n\n<li>\u00dcbersicht der Vorr\u00e4te auch auf der Apple Watch<\/li>\n\n\n\n<li>Speichern der Vorratsliste auf iCloud, Dropbox oder einem sftp-Server, so dass auch mehrere Nutzer die Vorratsliste benutzen und pflegen k\u00f6nnen<\/li>\n<\/ul>\n\n\n\n<p><\/p>\n\n\n\n<p>Verf\u00fcgbar f\u00fcr iOS in deutsch und englisch.<\/p>\n\n\n\n<p>myVorrat-App gibt es im IOS-App-Store in zwei Versionen:<\/p>\n\n\n\n<p> <img loading=\"lazy\" decoding=\"async\" width=\"80\" height=\"80\" class=\"wp-image-700\" style=\"width: 80px;\" src=\"http:\/\/grill-artist.carl-gartendesign.de\/wp-content\/uploads\/2023\/08\/lvb_240-e1692457072575.png\" alt=\"\">  <strong>myVorrat<\/strong>  <em>&#8211; werbefrei und kostenpflichtig<\/em><br><br><img loading=\"lazy\" decoding=\"async\" width=\"80\" height=\"80\" class=\"wp-image-701\" style=\"width: 80px;\" src=\"http:\/\/grill-artist.carl-gartendesign.de\/wp-content\/uploads\/2023\/08\/la256.png\" alt=\"\" srcset=\"http:\/\/grill-artist.carl-gartendesign.de\/wp-content\/uploads\/2023\/08\/la256.png 256w, http:\/\/grill-artist.carl-gartendesign.de\/wp-content\/uploads\/2023\/08\/la256-150x150.png 150w\" sizes=\"auto, (max-width: 80px) 85vw, 80px\" \/>  <strong>myVorrat-free<\/strong>    &#8211; kostenfrei mit <\/p>\n\n\n\n<p>Benutzen Sie auch die <a href=\"http:\/\/grill-artist.carl-gartendesign.de\/?page_id=464\"><strong>myRezept<\/strong>&#8211;<\/a>App, k\u00f6nnen Sie f\u00fcr einen Vorrat pr\u00fcfen, in welchen Rezepten dieser ben\u00f6tigt wird.<br><\/p>\n\n\n\n<figure class=\"wp-block-gallery has-nested-images columns-default is-cropped wp-block-gallery-1 is-layout-flex wp-block-gallery-is-layout-flex\">\n<figure class=\"wp-block-image size-large\"><img loading=\"lazy\" decoding=\"async\" width=\"576\" height=\"1024\" data-id=\"508\" src=\"http:\/\/grill-artist.carl-gartendesign.de\/wp-content\/uploads\/2021\/08\/\u00dcbersicht-576x1024.png\" alt=\"\" class=\"wp-image-508\" srcset=\"http:\/\/grill-artist.carl-gartendesign.de\/wp-content\/uploads\/2021\/08\/\u00dcbersicht-576x1024.png 576w, http:\/\/grill-artist.carl-gartendesign.de\/wp-content\/uploads\/2021\/08\/\u00dcbersicht-169x300.png 169w, http:\/\/grill-artist.carl-gartendesign.de\/wp-content\/uploads\/2021\/08\/\u00dcbersicht-768x1365.png 768w, http:\/\/grill-artist.carl-gartendesign.de\/wp-content\/uploads\/2021\/08\/\u00dcbersicht-864x1536.png 864w, http:\/\/grill-artist.carl-gartendesign.de\/wp-content\/uploads\/2021\/08\/\u00dcbersicht-1152x2048.png 1152w, http:\/\/grill-artist.carl-gartendesign.de\/wp-content\/uploads\/2021\/08\/\u00dcbersicht-1200x2133.png 1200w, http:\/\/grill-artist.carl-gartendesign.de\/wp-content\/uploads\/2021\/08\/\u00dcbersicht.png 1242w\" sizes=\"auto, (max-width: 576px) 85vw, 576px\" \/><figcaption class=\"wp-element-caption\">\u00dcbersicht Vorr\u00e4te<br><em>Overview stocks<\/em><\/figcaption><\/figure>\n\n\n\n<figure class=\"wp-block-image size-large\"><img loading=\"lazy\" decoding=\"async\" width=\"576\" height=\"1024\" data-id=\"507\" src=\"http:\/\/grill-artist.carl-gartendesign.de\/wp-content\/uploads\/2021\/08\/erfassen-576x1024.png\" alt=\"\" class=\"wp-image-507\" srcset=\"http:\/\/grill-artist.carl-gartendesign.de\/wp-content\/uploads\/2021\/08\/erfassen-576x1024.png 576w, http:\/\/grill-artist.carl-gartendesign.de\/wp-content\/uploads\/2021\/08\/erfassen-169x300.png 169w, http:\/\/grill-artist.carl-gartendesign.de\/wp-content\/uploads\/2021\/08\/erfassen-768x1365.png 768w, http:\/\/grill-artist.carl-gartendesign.de\/wp-content\/uploads\/2021\/08\/erfassen-864x1536.png 864w, http:\/\/grill-artist.carl-gartendesign.de\/wp-content\/uploads\/2021\/08\/erfassen-1152x2048.png 1152w, http:\/\/grill-artist.carl-gartendesign.de\/wp-content\/uploads\/2021\/08\/erfassen-1200x2133.png 1200w, http:\/\/grill-artist.carl-gartendesign.de\/wp-content\/uploads\/2021\/08\/erfassen.png 1242w\" sizes=\"auto, (max-width: 576px) 85vw, 576px\" \/><figcaption class=\"wp-element-caption\">Erfassen Vorrat<br><em>Enter stock<\/em><\/figcaption><\/figure>\n\n\n\n<figure class=\"wp-block-image size-large\"><img loading=\"lazy\" decoding=\"async\" width=\"368\" height=\"448\" data-id=\"509\" src=\"http:\/\/grill-artist.carl-gartendesign.de\/wp-content\/uploads\/2021\/08\/watch.png\" alt=\"\" class=\"wp-image-509\" srcset=\"http:\/\/grill-artist.carl-gartendesign.de\/wp-content\/uploads\/2021\/08\/watch.png 368w, http:\/\/grill-artist.carl-gartendesign.de\/wp-content\/uploads\/2021\/08\/watch-246x300.png 246w\" sizes=\"auto, (max-width: 368px) 85vw, 368px\" \/><figcaption class=\"wp-element-caption\">\u00dcbersicht Vorr\u00e4te Apple watch<br><em>overview stocks Apple watch<\/em><br><\/figcaption><\/figure>\n<\/figure>\n\n\n\n<p><a href=\"http:\/\/grill-artist.carl-gartendesign.de\/?page_id=515\">Datenschutz myVorrat<\/a><br><br><\/p>\n\n\n\n<p><\/p>\n\n\n\n<p><em>English version:<\/em><\/p>\n\n\n\n<p><strong>You want to cook something and can&#8217;t find the ingredients in your pantry?<\/strong><br> Whether at home or on the road &#8211; with myVorrat you always have a full overview of your supplies.<\/p>\n\n\n\n<p><\/p>\n\n\n\n<p><strong>myVorrat is the small inventory management system for your stocks:<\/strong><\/p>\n\n\n\n<ul class=\"wp-block-list\">\n<li>Manage the supplies you keep in your refrigerators, freezers, storage cellars or other storage locations.<\/li>\n\n\n\n<li> Build individual lists for each storage location &#8211; e.g. one list for your freezers with the respective compartments of the devices and another one for your shelves and cupboards in the storage cellar. <\/li>\n\n\n\n<li> Creation of different stock lists with freely selectable locations and compartment divisions  <\/li>\n\n\n\n<li> Posting and unposting of supplies<\/li>\n\n\n\n<li> Sorting the stock lists<\/li>\n\n\n\n<li> Search for supplies<\/li>\n\n\n\n<li> In connection with the myRezept &#8211; App search for recipes for the supplies<\/li>\n\n\n\n<li>Save the stock list on iCloud, Dropbox or on an sftp server so that several users can also use and maintain the stock list<\/li>\n\n\n\n<li> Overview of the supplies also on the Apple Watch<\/li>\n<\/ul>\n\n\n\n<p>Available for iOS in English and German.<\/p>\n\n\n\n<p>If you also use the <strong><a href=\"http:\/\/grill-artist.carl-gartendesign.de\/?page_id=464\">myRezept<\/a><\/strong> app, you can check for a stock in which recipes it is needed<\/p>\n\n\n\n<p><strong><a href=\"http:\/\/grill-artist.carl-gartendesign.de\/?page_id=515\">Privacy Policy<\/a><\/strong><br><\/p>\n\n\n\n<p style=\"font-size:14px\">Die Bezeichnungen &#8222;Apple&#8220;, &#8222;Apple Watch&#8220;, &#8222;iPhone&#8220;, &#8222;iPad&#8220;, &#8222;iCloud&#8220;, &#8222;Dropbox&#8220; sind gesch\u00fctzt und werden hier nur verwendet, um die Eigenschaften der App zu beschreiben.<br><br>The terms &#8222;Apple&#8220;, &#8222;Apple Watch&#8220;, &#8222;iPhone&#8220;, &#8222;iPad&#8220;, &#8222;iCloud&#8220;, &#8222;Dropbox&#8220; are proprietary and are used herein only to describe the features of the App.<\/p>\n\n\n\n<p><\/p>\n\n\n\n<p class=\"has-medium-font-size\"><strong>Informationsvideos zur Bedienung \/<br>Information videos for use<\/strong><\/p>\n\n\n\n<div class=\"wp-block-media-text alignwide is-stacked-on-mobile\"><figure class=\"wp-block-media-text__media\"><video controls src=\"http:\/\/grill-artist.carl-gartendesign.de\/wp-content\/uploads\/2021\/08\/myVorrat1.mp4\"><\/video><\/figure><div class=\"wp-block-media-text__content\">\n<p class=\"has-normal-font-size\"><em>Video clip:<\/em><\/p>\n\n\n\n<p style=\"font-size:18px\">Neue Vorratsliste anlegen \/<br>Create new stocklist<\/p>\n<\/div><\/div>\n\n\n\n<div class=\"wp-block-media-text alignwide is-stacked-on-mobile\"><figure class=\"wp-block-media-text__media\"><video controls src=\"http:\/\/grill-artist.carl-gartendesign.de\/wp-content\/uploads\/2021\/08\/myVorrat2.mp4\"><\/video><\/figure><div class=\"wp-block-media-text__content\">\n<p class=\"has-normal-font-size\"><em>Video clip:<\/em><\/p>\n\n\n\n<p style=\"font-size:18px\">Vorr\u00e4te hinzuf\u00fcgen und verwalten \/ <br>Add and manage stock<\/p>\n<\/div><\/div>\n\n\n\n<div class=\"wp-block-media-text alignwide is-stacked-on-mobile\"><figure class=\"wp-block-media-text__media\"><video controls src=\"http:\/\/grill-artist.carl-gartendesign.de\/wp-content\/uploads\/2021\/08\/myVorrat3.mp4\"><\/video><\/figure><div class=\"wp-block-media-text__content\">\n<p class=\"has-normal-font-size\"><em>Video clip:<\/em><\/p>\n\n\n\n<p style=\"font-size:18px\">myVorrat on AppleWatch<\/p>\n<\/div><\/div>\n","protected":false},"excerpt":{"rendered":"<p>myVorrat (english version see below) Sie wollen etwas kochen und finden die Zutaten im Vorratskeller nicht?Ob zuhause oder unterwegs &#8211; mit myVorrat haben Sie immer den vollen \u00dcberblick \u00fcber Ihre Vorr\u00e4te. myVorrat ist das kleine Warenwirtschaftssystem f\u00fcr Ihre Vorr\u00e4te: Verf\u00fcgbar f\u00fcr iOS in deutsch und englisch. myVorrat-App gibt es im IOS-App-Store in zwei Versionen: myVorrat &hellip; <a href=\"http:\/\/grill-artist.carl-gartendesign.de\/?page_id=502\" class=\"more-link\"><span class=\"screen-reader-text\">\u201emyVorrat &#8211; App\u201c <\/span>weiterlesen<\/a><\/p>\n","protected":false},"author":2,"featured_media":0,"parent":469,"menu_order":0,"comment_status":"closed","ping_status":"closed","template":"","meta":{"footnotes":""},"class_list":["post-502","page","type-page","status-publish","hentry"],"_links":{"self":[{"href":"http:\/\/grill-artist.carl-gartendesign.de\/index.php?rest_route=\/wp\/v2\/pages\/502","targetHints":{"allow":["GET"]}}],"collection":[{"href":"http:\/\/grill-artist.carl-gartendesign.de\/index.php?rest_route=\/wp\/v2\/pages"}],"about":[{"href":"http:\/\/grill-artist.carl-gartendesign.de\/index.php?rest_route=\/wp\/v2\/types\/page"}],"author":[{"embeddable":true,"href":"http:\/\/grill-artist.carl-gartendesign.de\/index.php?rest_route=\/wp\/v2\/users\/2"}],"replies":[{"embeddable":true,"href":"http:\/\/grill-artist.carl-gartendesign.de\/index.php?rest_route=%2Fwp%2Fv2%2Fcomments&post=502"}],"version-history":[{"count":13,"href":"http:\/\/grill-artist.carl-gartendesign.de\/index.php?rest_route=\/wp\/v2\/pages\/502\/revisions"}],"predecessor-version":[{"id":978,"href":"http:\/\/grill-artist.carl-gartendesign.de\/index.php?rest_route=\/wp\/v2\/pages\/502\/revisions\/978"}],"up":[{"embeddable":true,"href":"http:\/\/grill-artist.carl-gartendesign.de\/index.php?rest_route=\/wp\/v2\/pages\/469"}],"wp:attachment":[{"href":"http:\/\/grill-artist.carl-gartendesign.de\/index.php?rest_route=%2Fwp%2Fv2%2Fmedia&parent=502"}],"curies":[{"name":"wp","href":"https:\/\/api.w.org\/{rel}","templated":true}]}}